{"id":11083,"date":"2015-03-05T16:24:32","date_gmt":"2015-03-05T16:24:32","guid":{"rendered":"http:\/\/www.chateau-de-villesavin.fr\/?page_id=11083"},"modified":"2020-11-07T13:03:17","modified_gmt":"2020-11-07T13:03:17","slug":"activites","status":"publish","type":"page","link":"https:\/\/www.chateau-de-villesavin.fr\/?page_id=11083","title":{"rendered":"Les activit\u00e9s au Ch\u00e2teau de Villesavin"},"content":{"rendered":"<div class=\"fusion-fullwidth fullwidth-box fusion-builder-row-1 fusion-flex-container hundred-percent-fullwidth non-hundred-percent-height-scrolling\" style=\"--awb-border-radius-top-left:0px;--awb-border-radius-top-right:0px;--awb-border-radius-bottom-right:0px;--awb-border-radius-bottom-left:0px;--awb-overflow:visible;--awb-flex-wrap:wrap;\" ><div class=\"fusion-builder-row fusion-row fusion-flex-align-items-flex-start fusion-flex-content-wrap\" style=\"width:104% !important;max-width:104% !important;margin-left: calc(-4% \/ 2 );margin-right: calc(-4% \/ 2 );\"><div class=\"fusion-layout-column fusion_builder_column fusion-builder-column-0 fusion_builder_column_3_4 3_4 fusion-flex-column\" style=\"--awb-bg-size:cover;--awb-width-large:75%;--awb-margin-top-large:0px;--awb-spacing-right-large:3.84%;--awb-margin-bottom-large:20px;--awb-spacing-left-large:2.56%;--awb-width-medium:75%;--awb-spacing-right-medium:3.84%;--awb-spacing-left-medium:2.56%;--awb-width-small:100%;--awb-spacing-right-small:1.92%;--awb-spacing-left-small:1.92%;\"><div class=\"fusion-column-wrapper fusion-flex-justify-content-flex-start fusion-content-layout-column\"><div class=\"fusion-flip-boxes flip-boxes row fusion-columns-3 flip-effect-classic\"><div class=\"fusion-flip-box-wrapper fusion-column col-lg-4 col-md-4 col-sm-4\"><div class=\"fusion-flip-box flip-right\" tabindex=\"0\"><div class=\"flip-box-inner-wrapper\"><div class=\"flip-box-front\" style=\"--awb-border-size:1px;--awb-border-radius:4px;\"><div class=\"flip-box-front-inner\"><div class=\"flip-box-grafix flip-box-image\"><img decoding=\"async\" src=\"https:\/\/www.chateau-de-villesavin.fr\/wp-content\/uploads\/2012\/07\/Galerie.jpg\" width=\"200\" height=\"150\" alt=\"\" \/><\/div><h2 class=\"flip-box-heading without-text\">VISITE DU CH\u00c2TEAU<\/h2><\/div><\/div><div class=\"flip-box-back\" style=\"--awb-border-size:1px;--awb-border-radius:4px;\"><div class=\"flip-box-back-inner\"><h3 class=\"flip-box-heading-back\">VISITE DU CH\u00c2TEAU<\/h3>Pour d\u00e9couvrir l&rsquo;activit\u00e9 <div ><a class=\"fusion-button button-flat button-large button-custom fusion-button-default button-1 fusion-button-default-span \" style=\"--button_accent_color:rgba(255,255,255,.7);--button_accent_hover_color:rgba(255,255,255,.7);--button_border_hover_color:rgba(255,255,255,.7);--button_border_width-top:0px;--button_border_width-right:0px;--button_border_width-bottom:0px;--button_border_width-left:0px;--button-border-radius-top-left:2px;--button-border-radius-top-right:2px;--button-border-radius-bottom-right:2px;--button-border-radius-bottom-left:2px;--button_gradient_top_color:#D8411E;--button_gradient_bottom_color:#D8411E;--button_gradient_top_color_hover:#B5371A;--button_gradient_bottom_color_hover:#B5371A;\" target=\"_self\" href=\"https:\/\/www.chateau-de-villesavin.fr\/?page_id=3628\"><span class=\"fusion-button-text awb-button__text awb-button__text--default\">CLIQUEZ ICI!<\/span><\/a><\/div><\/div><\/div><\/div><\/div><\/div><div class=\"fusion-flip-box-wrapper fusion-column col-lg-4 col-md-4 col-sm-4\"><div class=\"fusion-flip-box flip-right\" tabindex=\"0\"><div class=\"flip-box-inner-wrapper\"><div class=\"flip-box-front\" style=\"--awb-border-size:1px;--awb-border-radius:4px;\"><div class=\"flip-box-front-inner\"><div class=\"flip-box-grafix flip-box-image\"><img decoding=\"async\" src=\"https:\/\/www.chateau-de-villesavin.fr\/wp-content\/uploads\/2015\/03\/Activite-mariage2.jpg\" width=\"200\" height=\"150\" alt=\"\" \/><\/div><h2 class=\"flip-box-heading without-text\">MUS\u00c9E DU MARIAGE<\/h2><\/div><\/div><div class=\"flip-box-back\" style=\"--awb-border-size:1px;--awb-border-radius:4px;\"><div class=\"flip-box-back-inner\"><h3 class=\"flip-box-heading-back\">MUS\u00c9E DU MARIAGE<\/h3>Pour d\u00e9couvrir l&rsquo;activit\u00e9 <div ><a class=\"fusion-button button-flat button-large button-custom fusion-button-default button-2 fusion-button-default-span \" style=\"--button_accent_color:rgba(255,255,255,.7);--button_accent_hover_color:rgba(255,255,255,.7);--button_border_hover_color:rgba(255,255,255,.7);--button_border_width-top:0px;--button_border_width-right:0px;--button_border_width-bottom:0px;--button_border_width-left:0px;--button-border-radius-top-left:2px;--button-border-radius-top-right:2px;--button-border-radius-bottom-right:2px;--button-border-radius-bottom-left:2px;--button_gradient_top_color:#D8411E;--button_gradient_bottom_color:#D8411E;--button_gradient_top_color_hover:#B5371A;--button_gradient_bottom_color_hover:#B5371A;\" target=\"_self\" href=\"https:\/\/www.chateau-de-villesavin.fr\/?page_id=11224\"><span class=\"fusion-button-text awb-button__text awb-button__text--default\">CLIQUEZ ICI!<\/span><\/a><\/div><\/div><\/div><\/div><\/div><\/div><div class=\"fusion-flip-box-wrapper fusion-column col-lg-4 col-md-4 col-sm-4\"><div class=\"fusion-flip-box flip-right\" tabindex=\"0\"><div class=\"flip-box-inner-wrapper\"><div class=\"flip-box-front\" style=\"--awb-border-size:1px;--awb-border-radius:4px;\"><div class=\"flip-box-front-inner\"><div class=\"flip-box-grafix flip-box-image\"><img decoding=\"async\" src=\"https:\/\/www.chateau-de-villesavin.fr\/wp-content\/uploads\/2015\/03\/Activite-voiture2.jpg\" width=\"200\" height=\"150\" alt=\"\" \/><\/div><h2 class=\"flip-box-heading without-text\">MUS\u00c9E DE LA VOITURE<\/h2><\/div><\/div><div class=\"flip-box-back\" style=\"--awb-border-size:1px;--awb-border-radius:4px;\"><div class=\"flip-box-back-inner\"><h3 class=\"flip-box-heading-back\">MUS\u00c9E DE LA VOITURE<\/h3>Pour d\u00e9couvrir l&rsquo;activit\u00e9 <div ><a class=\"fusion-button button-flat button-large button-custom fusion-button-default button-3 fusion-button-default-span \" style=\"--button_accent_color:rgba(255,255,255,.7);--button_accent_hover_color:rgba(255,255,255,.7);--button_border_hover_color:rgba(255,255,255,.7);--button_border_width-top:0px;--button_border_width-right:0px;--button_border_width-bottom:0px;--button_border_width-left:0px;--button-border-radius-top-left:2px;--button-border-radius-top-right:2px;--button-border-radius-bottom-right:2px;--button-border-radius-bottom-left:2px;--button_gradient_top_color:#D8411E;--button_gradient_bottom_color:#D8411E;--button_gradient_top_color_hover:#B5371A;--button_gradient_bottom_color_hover:#B5371A;\" target=\"_self\" href=\"https:\/\/www.chateau-de-villesavin.fr\/?page_id=11213\"><span class=\"fusion-button-text awb-button__text awb-button__text--default\">CLIQUEZ ICI!<\/span><\/a><\/div><\/div><\/div><\/div><\/div><\/div><div class=\"fusion-flip-box-wrapper fusion-column col-lg-4 col-md-4 col-sm-4\"><div class=\"fusion-flip-box flip-right\" tabindex=\"0\"><div class=\"flip-box-inner-wrapper\"><div class=\"flip-box-front\" style=\"--awb-border-size:1px;--awb-border-radius:4px;\"><div class=\"flip-box-front-inner\"><div class=\"flip-box-grafix flip-box-image\"><img decoding=\"async\" src=\"https:\/\/www.chateau-de-villesavin.fr\/wp-content\/uploads\/2015\/03\/Activite-ferme2.jpg\" width=\"200\" height=\"150\" alt=\"\" \/><\/div><h2 class=\"flip-box-heading without-text\">FERME DES PETITS<\/h2><\/div><\/div><div class=\"flip-box-back\" style=\"--awb-border-size:1px;--awb-border-radius:4px;\"><div class=\"flip-box-back-inner\"><h3 class=\"flip-box-heading-back\">FERME DES PETITS<\/h3>Pour d\u00e9couvrir l&rsquo;activit\u00e9 <div ><a class=\"fusion-button button-flat button-large button-custom fusion-button-default button-4 fusion-button-default-span \" style=\"--button_accent_color:rgba(255,255,255,.7);--button_accent_hover_color:rgba(255,255,255,.7);--button_border_hover_color:rgba(255,255,255,.7);--button_border_width-top:0px;--button_border_width-right:0px;--button_border_width-bottom:0px;--button_border_width-left:0px;--button-border-radius-top-left:2px;--button-border-radius-top-right:2px;--button-border-radius-bottom-right:2px;--button-border-radius-bottom-left:2px;--button_gradient_top_color:#D8411E;--button_gradient_bottom_color:#D8411E;--button_gradient_top_color_hover:#B5371A;--button_gradient_bottom_color_hover:#B5371A;\" target=\"_self\" href=\"https:\/\/www.chateau-de-villesavin.fr\/?page_id=11215\"><span class=\"fusion-button-text awb-button__text awb-button__text--default\">CLIQUEZ ICI!<\/span><\/a><\/div><\/div><\/div><\/div><\/div><\/div><div class=\"fusion-flip-box-wrapper fusion-column col-lg-4 col-md-4 col-sm-4\"><div class=\"fusion-flip-box flip-right\" tabindex=\"0\"><div class=\"flip-box-inner-wrapper\"><div class=\"flip-box-front\" style=\"--awb-border-size:1px;--awb-border-radius:4px;\"><div class=\"flip-box-front-inner\"><div class=\"flip-box-grafix flip-box-image\"><img decoding=\"async\" src=\"https:\/\/www.chateau-de-villesavin.fr\/wp-content\/uploads\/2015\/03\/Activite-fantome3.jpg\" width=\"200\" height=\"150\" alt=\"\" \/><\/div><h2 class=\"flip-box-heading without-text\">CHATEAU HANT\u00c9 ?<\/h2><\/div><\/div><div class=\"flip-box-back\" style=\"--awb-border-size:1px;--awb-border-radius:4px;\"><div class=\"flip-box-back-inner\"><h3 class=\"flip-box-heading-back\">CHATEAU HANT\u00c9 ?<\/h3>Pour d\u00e9couvrir l&rsquo;activit\u00e9 <div ><a class=\"fusion-button button-flat button-large button-custom fusion-button-default button-5 fusion-button-default-span \" style=\"--button_accent_color:rgba(255,255,255,.7);--button_accent_hover_color:rgba(255,255,255,.7);--button_border_hover_color:rgba(255,255,255,.7);--button_border_width-top:0px;--button_border_width-right:0px;--button_border_width-bottom:0px;--button_border_width-left:0px;--button-border-radius-top-left:2px;--button-border-radius-top-right:2px;--button-border-radius-bottom-right:2px;--button-border-radius-bottom-left:2px;--button_gradient_top_color:#D8411E;--button_gradient_bottom_color:#D8411E;--button_gradient_top_color_hover:#B5371A;--button_gradient_bottom_color_hover:#B5371A;\" target=\"_self\" href=\"https:\/\/www.chateau-de-villesavin.fr\/?page_id=11217\"><span class=\"fusion-button-text awb-button__text awb-button__text--default\">CLIQUEZ ICI!<\/span><\/a><\/div><\/div><\/div><\/div><\/div><\/div><div class=\"fusion-flip-box-wrapper fusion-column col-lg-4 col-md-4 col-sm-4\"><div class=\"fusion-flip-box flip-right\" tabindex=\"0\"><div class=\"flip-box-inner-wrapper\"><div class=\"flip-box-front\" style=\"--awb-border-size:1px;--awb-border-radius:4px;\"><div class=\"flip-box-front-inner\"><div class=\"flip-box-grafix flip-box-image\"><img decoding=\"async\" src=\"https:\/\/www.chateau-de-villesavin.fr\/wp-content\/uploads\/2015\/03\/Activites-tresor.jpg\" width=\"200\" height=\"150\" alt=\"\" \/><\/div><h2 class=\"flip-box-heading without-text\">CHASSE AU TR\u00c9SOR\u2026<\/h2><\/div><\/div><div class=\"flip-box-back\" style=\"--awb-border-size:1px;--awb-border-radius:4px;\"><div class=\"flip-box-back-inner\"><h3 class=\"flip-box-heading-back\">CHASSE AU TR\u00c9SOR\u2026<\/h3>Pour d\u00e9couvrir l&rsquo;activit\u00e9 <div ><a class=\"fusion-button button-flat button-large button-custom fusion-button-default button-6 fusion-button-default-span \" style=\"--button_accent_color:rgba(255,255,255,.7);--button_accent_hover_color:rgba(255,255,255,.7);--button_border_hover_color:rgba(255,255,255,.7);--button_border_width-top:0px;--button_border_width-right:0px;--button_border_width-bottom:0px;--button_border_width-left:0px;--button-border-radius-top-left:2px;--button-border-radius-top-right:2px;--button-border-radius-bottom-right:2px;--button-border-radius-bottom-left:2px;--button_gradient_top_color:#D8411E;--button_gradient_bottom_color:#D8411E;--button_gradient_top_color_hover:#B5371A;--button_gradient_bottom_color_hover:#B5371A;\" target=\"_self\" href=\"https:\/\/www.chateau-de-villesavin.fr\/?page_id=11550\"><span class=\"fusion-button-text awb-button__text awb-button__text--default\">CLIQUEZ ICI!<\/span><\/a><\/div><\/div><\/div><\/div><\/div><\/div><\/div><\/div><\/div><div class=\"fusion-layout-column fusion_builder_column fusion-builder-column-1 fusion_builder_column_1_4 1_4 fusion-flex-column\" style=\"--awb-bg-size:cover;--awb-width-large:25%;--awb-margin-top-large:0px;--awb-spacing-right-large:7.68%;--awb-margin-bottom-large:20px;--awb-spacing-left-large:3.84%;--awb-width-medium:25%;--awb-spacing-right-medium:7.68%;--awb-spacing-left-medium:3.84%;--awb-width-small:100%;--awb-spacing-right-small:1.92%;--awb-spacing-left-small:1.92%;\"><div class=\"fusion-column-wrapper fusion-flex-justify-content-flex-start fusion-content-layout-column\"><div class=\"fusion-text fusion-text-1\"><p>Le Ch\u00e2teau de Villesavin est le Ch\u00e2teau-Mus\u00e9e de la famille.<br \/>\n<strong>Nous voulons que toutes les g\u00e9n\u00e9rations, en nous rendant visite, passent de bons moments entre d\u00e9couverte, culture et d\u00e9tente.<\/strong><br \/>\nLa convivialit\u00e9 et la douceur de vivre sont la marque de fabrique de Villesavin : de la mini-ferme pour les petits \u00e0 la chasse aux fant\u00f4mes pour les plus grands, du mus\u00e9e des voitures hippomobiles pour les papas \u00e0 celui du mariage pour les mamans, nous n\u2019oublions personne !<br \/>\nEt il y a, pour tous, la visite du ch\u00e2teau, d\u2019\u00e9poque Renaissance, consid\u00e9r\u00e9 comme l\u2019un des plus \u00e9l\u00e9gants du Loir-et-Cher.<br \/>\n<strong>De plus, Villesavin vit toute l\u2019ann\u00e9e gr\u00e2ce \u00e0 ses salons qui sont de belles occasions de se retrouver.<\/strong><\/p>\n<\/div><\/div><\/div><\/div><\/div>\n","protected":false},"excerpt":{"rendered":"","protected":false},"author":1,"featured_media":0,"parent":0,"menu_order":0,"comment_status":"open","ping_status":"open","template":"","meta":{"footnotes":""},"class_list":["post-11083","page","type-page","status-publish","hentry"],"_links":{"self":[{"href":"https:\/\/www.chateau-de-villesavin.fr\/index.php?rest_route=\/wp\/v2\/pages\/11083","targetHints":{"allow":["GET"]}}],"collection":[{"href":"https:\/\/www.chateau-de-villesavin.fr\/index.php?rest_route=\/wp\/v2\/pages"}],"about":[{"href":"https:\/\/www.chateau-de-villesavin.fr\/index.php?rest_route=\/wp\/v2\/types\/page"}],"author":[{"embeddable":true,"href":"https:\/\/www.chateau-de-villesavin.fr\/index.php?rest_route=\/wp\/v2\/users\/1"}],"replies":[{"embeddable":true,"href":"https:\/\/www.chateau-de-villesavin.fr\/index.php?rest_route=%2Fwp%2Fv2%2Fcomments&post=11083"}],"version-history":[{"count":32,"href":"https:\/\/www.chateau-de-villesavin.fr\/index.php?rest_route=\/wp\/v2\/pages\/11083\/revisions"}],"predecessor-version":[{"id":11724,"href":"https:\/\/www.chateau-de-villesavin.fr\/index.php?rest_route=\/wp\/v2\/pages\/11083\/revisions\/11724"}],"wp:attachment":[{"href":"https:\/\/www.chateau-de-villesavin.fr\/index.php?rest_route=%2Fwp%2Fv2%2Fmedia&parent=11083"}],"curies":[{"name":"wp","href":"https:\/\/api.w.org\/{rel}","templated":true}]}}