{"id":11102,"date":"2015-03-05T17:14:40","date_gmt":"2015-03-05T17:14:40","guid":{"rendered":"http:\/\/www.chateau-de-villesavin.fr\/?page_id=11102"},"modified":"2025-01-12T18:03:11","modified_gmt":"2025-01-12T18:03:11","slug":"horaires-tarifs","status":"publish","type":"page","link":"https:\/\/www.chateau-de-villesavin.fr\/?page_id=11102","title":{"rendered":"Horaires &#038; Tarifs"},"content":{"rendered":"<p><div class=\"fusion-fullwidth fullwidth-box fusion-builder-row-1 fusion-flex-container nonhundred-percent-fullwidth non-hundred-percent-height-scrolling\" style=\"--awb-background-position:left top;--awb-border-radius-top-left:0px;--awb-border-radius-top-right:0px;--awb-border-radius-bottom-right:0px;--awb-border-radius-bottom-left:0px;--awb-padding-top:20px;--awb-padding-right:0px;--awb-padding-bottom:20px;--awb-padding-left:0px;--awb-border-sizes-top:0px;--awb-border-sizes-bottom:0px;--awb-flex-wrap:wrap;\" ><div class=\"fusion-builder-row fusion-row fusion-flex-align-items-flex-start fusion-flex-content-wrap\" style=\"max-width:1144px;margin-left: calc(-4% \/ 2 );margin-right: calc(-4% \/ 2 );\"><div class=\"fusion-layout-column fusion_builder_column fusion-builder-column-0 fusion_builder_column_1_2 1_2 fusion-flex-column\" style=\"--awb-bg-size:cover;--awb-width-large:50%;--awb-margin-top-large:0px;--awb-spacing-right-large:3.84%;--awb-margin-bottom-large:20px;--awb-spacing-left-large:3.84%;--awb-width-medium:50%;--awb-spacing-right-medium:3.84%;--awb-spacing-left-medium:3.84%;--awb-width-small:100%;--awb-spacing-right-small:1.92%;--awb-spacing-left-small:1.92%;\"><div class=\"fusion-column-wrapper fusion-flex-justify-content-flex-start fusion-content-layout-column\"><div class=\"fusion-text fusion-text-1\"><h1 style=\"text-align: left; font-size: 30px !important;\">Le\u00a0Ch\u00e2teau de Villesavin est ouvert :<\/h1>\n<ul>\n<li>du 1er mars au 31 mars : de 10h \u00e0 12h et de 14h \u00e0 18h (ferm\u00e9 le jeudi et vendredi)<\/li>\n<li>du 1er avril au 15 juin : 10h \u00e0 12h et de 14h \u00e0 19h<\/li>\n<li>du 16 juin au 15 septembre : de 10h \u00e0 19h<\/li>\n<li>du 16 septembre au 15 novembre : de 10h \u00e0 12h et de 14h \u00e0 18h (ferm\u00e9 le jeudi en novembre)<\/li>\n<\/ul>\n<p>FERMETURE ANNUELLE du 15 novembre au 1er mars.<\/p>\n<\/div><\/div><\/div><div class=\"fusion-layout-column fusion_builder_column fusion-builder-column-1 fusion_builder_column_1_2 1_2 fusion-flex-column\" style=\"--awb-bg-size:cover;--awb-width-large:50%;--awb-margin-top-large:0px;--awb-spacing-right-large:3.84%;--awb-margin-bottom-large:20px;--awb-spacing-left-large:3.84%;--awb-width-medium:50%;--awb-spacing-right-medium:3.84%;--awb-spacing-left-medium:3.84%;--awb-width-small:100%;--awb-spacing-right-small:1.92%;--awb-spacing-left-small:1.92%;\"><div class=\"fusion-column-wrapper fusion-flex-justify-content-flex-start fusion-content-layout-column\"><div class=\"fusion-progressbar\" style=\"--awb-maximum-value-wrapper-width:0%;\"><div class=\"fusion-progressbar-bar progress-bar\"><div class=\"progress progress-bar-content not-animated\" role=\"progressbar\" aria-labelledby=\"awb-progressbar-label-1\" aria-valuemin=\"0\" aria-valuemax=\"100\" aria-valuenow=\"100\" data-filling-speed=\"600\"><span class=\"progress-title awb-on-bar\"><span class=\"fusion-progressbar-text\" id=\"awb-progressbar-label-1\">Culture et d\u00e9couverte !<\/span> <span class=\"fusion-progressbar-value\">100%<\/span><\/span><\/div><span class=\"awb-pb-max-value-wrap awb-on-bar\"><span class=\"awb-pb-max-value-text\"><\/span><\/span><\/div><\/div><div class=\"fusion-progressbar\" style=\"--awb-maximum-value-wrapper-width:0%;\"><div class=\"fusion-progressbar-bar progress-bar\"><div class=\"progress progress-bar-content not-animated\" role=\"progressbar\" aria-labelledby=\"awb-progressbar-label-2\" aria-valuemin=\"0\" aria-valuemax=\"100\" aria-valuenow=\"100\" data-filling-speed=\"600\"><span class=\"progress-title awb-on-bar\"><span class=\"fusion-progressbar-text\" id=\"awb-progressbar-label-2\">Plaisir et d\u00e9tente en famille !<\/span> <span class=\"fusion-progressbar-value\">100%<\/span><\/span><\/div><span class=\"awb-pb-max-value-wrap awb-on-bar\"><span class=\"awb-pb-max-value-text\"><\/span><\/span><\/div><\/div><div class=\"fusion-progressbar\" style=\"--awb-maximum-value-wrapper-width:0%;\"><div class=\"fusion-progressbar-bar progress-bar\"><div class=\"progress progress-bar-content not-animated\" role=\"progressbar\" aria-labelledby=\"awb-progressbar-label-3\" aria-valuemin=\"0\" aria-valuemax=\"100\" aria-valuenow=\"100\" data-filling-speed=\"600\"><span class=\"progress-title awb-on-bar\"><span class=\"fusion-progressbar-text\" id=\"awb-progressbar-label-3\">Rire et amusement !<\/span> <span class=\"fusion-progressbar-value\">100%<\/span><\/span><\/div><span class=\"awb-pb-max-value-wrap awb-on-bar\"><span class=\"awb-pb-max-value-text\"><\/span><\/span><\/div><\/div><\/div><\/div><div class=\"fusion-layout-column fusion_builder_column fusion-builder-column-2 fusion_builder_column_1_1 1_1 fusion-flex-column fusion-flex-align-self-flex-start fusion-column-no-min-height\" style=\"--awb-bg-size:cover;--awb-width-large:100%;--awb-margin-top-large:0px;--awb-spacing-right-large:1.92%;--awb-margin-bottom-large:0px;--awb-spacing-left-large:1.92%;--awb-width-medium:100%;--awb-spacing-right-medium:1.92%;--awb-spacing-left-medium:1.92%;--awb-width-small:100%;--awb-spacing-right-small:1.92%;--awb-spacing-left-small:1.92%;\"><div class=\"fusion-column-wrapper fusion-flex-justify-content-flex-start fusion-content-layout-column\"><div class=\"fusion-text fusion-text-2\"><p>R\u00c9SERVEZ VOS BILLETS EN LIGNE :<script type=\"text\/javascript\" src=\"\/\/gadget.open-system.fr\/widgets-libs\/rel\/noyau-1.0.min.js\"><\/script><br \/>\n<script type=\"text\/javascript\">\n( function() )();\n<\/script><\/p>\n<div id=\"widget-produit-CF-OPBI-49297\"><\/div>\n<\/div><\/div><\/div><\/div><\/div><div class=\"fusion-fullwidth fullwidth-box fusion-builder-row-2 fusion-flex-container nonhundred-percent-fullwidth non-hundred-percent-height-scrolling\" style=\"--awb-background-position:left top;--awb-border-radius-top-left:0px;--awb-border-radius-top-right:0px;--awb-border-radius-bottom-right:0px;--awb-border-radius-bottom-left:0px;--awb-padding-top:20px;--awb-padding-right:0px;--awb-padding-bottom:20px;--awb-padding-left:0px;--awb-border-sizes-top:0px;--awb-border-sizes-bottom:0px;--awb-flex-wrap:wrap;\" ><div class=\"fusion-builder-row fusion-row fusion-flex-align-items-flex-start fusion-flex-content-wrap\" style=\"max-width:1144px;margin-left: calc(-4% \/ 2 );margin-right: calc(-4% \/ 2 );\"><div class=\"fusion-layout-column fusion_builder_column fusion-builder-column-3 fusion_builder_column_1_2 1_2 fusion-flex-column\" style=\"--awb-bg-size:cover;--awb-width-large:50%;--awb-margin-top-large:0px;--awb-spacing-right-large:3.84%;--awb-margin-bottom-large:20px;--awb-spacing-left-large:3.84%;--awb-width-medium:50%;--awb-spacing-right-medium:3.84%;--awb-spacing-left-medium:3.84%;--awb-width-small:100%;--awb-spacing-right-small:1.92%;--awb-spacing-left-small:1.92%;\"><div class=\"fusion-column-wrapper fusion-flex-justify-content-flex-start fusion-content-layout-column\"><div class=\"fusion-text fusion-text-3\"><p>INDIVIDUEL<\/p>\n<\/div><div class=\"fusion-tabs fusion-tabs-1 classic nav-is-justified horizontal-tabs icon-position-left mobile-mode-accordion\" style=\"--awb-title-border-radius-top-left:0px;--awb-title-border-radius-top-right:0px;--awb-title-border-radius-bottom-right:0px;--awb-title-border-radius-bottom-left:0px;--awb-alignment:start;--awb-inactive-color:#f1f2f2;--awb-background-color:#ffffff;--awb-border-color:#ebeaea;--awb-active-border-color:#f05126;\"><div class=\"nav\"><ul class=\"nav-tabs nav-justified\" role=\"tablist\"><li class=\"active\" role=\"presentation\"><a class=\"tab-link\" data-toggle=\"tab\" role=\"tab\" aria-controls=\"tab-137365792958c720113\" aria-selected=\"true\" id=\"fusion-tab-formule1:parcsetmus\u00e9es\" href=\"#tab-137365792958c720113\"><h4 class=\"fusion-tab-heading\">Formule 1 : Parcs et Mus\u00e9es<\/h4><\/a><\/li><li role=\"presentation\"><a class=\"tab-link\" data-toggle=\"tab\" role=\"tab\" aria-controls=\"tab-aada25b7313478fe379\" aria-selected=\"false\" tabindex=\"-1\" id=\"fusion-tab-formule2:parc,mus\u00e9esetint\u00e9rieurduch\u00e2teau\" href=\"#tab-aada25b7313478fe379\"><h4 class=\"fusion-tab-heading\">Formule 2 : Parc, Mus\u00e9es et Int\u00e9rieur du ch\u00e2teau<\/h4><\/a><\/li><\/ul><\/div><div class=\"tab-content\"><div class=\"nav fusion-mobile-tab-nav\"><ul class=\"nav-tabs nav-justified\" role=\"tablist\"><li class=\"active\" role=\"presentation\"><a class=\"tab-link\" data-toggle=\"tab\" role=\"tab\" aria-controls=\"tab-137365792958c720113\" aria-selected=\"true\" id=\"mobile-fusion-tab-formule1:parcsetmus\u00e9es\" href=\"#tab-137365792958c720113\"><h4 class=\"fusion-tab-heading\">Formule 1 : Parcs et Mus\u00e9es<\/h4><\/a><\/li><\/ul><\/div><div class=\"tab-pane fade fusion-clearfix in active\" role=\"tabpanel\" tabindex=\"0\" aria-labelledby=\"fusion-tab-formule1:parcsetmus\u00e9es\" id=\"tab-137365792958c720113\">\n<p><strong>La visite comprend tous les ext\u00e9rieurs et mus\u00e9es :<\/strong><\/p>\n<p>Le parc avec son rallye fant\u00f4me pour les enfants, son \u00e9levage d\u2019\u00e2nes et sa mini ferme<br \/>\nLa chapelle et ses peintures restaur\u00e9es<br \/>\nLe colombier \u00e0 \u00e9chelle tournante du 16\u00e8me si\u00e8cle<br \/>\nLa salle des gardes<br \/>\nLe mus\u00e9e du mariage avec sa merveilleuse collection de costumes et d\u2019objets retra\u00e7ant toute l\u2019histoire du mariage depuis 1840. Elle est reconnue pour \u00eatre la plus importante au monde.<br \/>\nLa collection de voitures hippomobiles et de voitures d\u2019enfants du 19\u00e8me si\u00e8cle<br \/>\nle jardin mellif\u00e8re<\/p>\n<p><strong>Tarifs :<\/strong><br \/>\nAdulte : 9 \u20ac<br \/>\nEnfant 6 et plus : 6 \u20ac<br \/>\nEnfant moins de 6 ans : gratuit<br \/>\nTarif r\u00e9duit (\u00e9tudiant, ch\u00f4meur, PMR) : 6 \u20ac<\/p>\n<p>Jeux pour enfants compris dans le tarif<br \/>\nCh\u00e8ques-vacances accept\u00e9s<br \/>\nLes chiens tenus en laisse sont les bienvenus<br \/>\nAires de pique-nique<\/p>\n<\/div><div class=\"nav fusion-mobile-tab-nav\"><ul class=\"nav-tabs nav-justified\" role=\"tablist\"><li role=\"presentation\"><a class=\"tab-link\" data-toggle=\"tab\" role=\"tab\" aria-controls=\"tab-aada25b7313478fe379\" aria-selected=\"false\" tabindex=\"-1\" id=\"mobile-fusion-tab-formule2:parc,mus\u00e9esetint\u00e9rieurduch\u00e2teau\" href=\"#tab-aada25b7313478fe379\"><h4 class=\"fusion-tab-heading\">Formule 2 : Parc, Mus\u00e9es et Int\u00e9rieur du ch\u00e2teau<\/h4><\/a><\/li><\/ul><\/div><div class=\"tab-pane fade fusion-clearfix\" role=\"tabpanel\" tabindex=\"0\" aria-labelledby=\"fusion-tab-formule2:parc,mus\u00e9esetint\u00e9rieurduch\u00e2teau\" id=\"tab-aada25b7313478fe379\">\n<p>Accompagn\u00e9 d\u2019un guide, admirez les pi\u00e8ces richement d\u00e9cor\u00e9es et meubl\u00e9es de l&rsquo;\u00e9poque de la Renaissance et du 19 \u00e8me si\u00e8cle. La visite du ch\u00e2teau se fait exclusivement avec un guide et en fran\u00e7ais (en anglais selon le personnel). Un texte de visite est remis pour les \u00e9trangers (Anglais, Allemand, Espagnol, Italien, Polonais, Russe, Chinois ou Hollandais).<\/p>\n<p>La visite guid\u00e9e, d\u2019une dur\u00e9e de 45 minutes, est programm\u00e9e toutes les heures. Durant la p\u00e9riode estivale, les visites guid\u00e9es sont programm\u00e9es toutes les 30 minutes.<\/p>\n<p>En mi saison :<\/p>\n<ul>\n<li>Le matin : 11h<\/li>\n<li>L&rsquo;apr\u00e8s-midi : toutes les heures<\/li>\n<\/ul>\n<p><strong>Tarifs :<\/strong><br \/>\nAdulte : 12 \u20ac<br \/>\nEnfant + de 10 ans : 10 \u20ac<br \/>\nEnfant de 6-10 ans : 6 \u20ac<br \/>\nEnfant moins de 6 ans : gratuit<br \/>\nTarif r\u00e9duit (\u00e9tudiant, ch\u00f4meur, PMR) : 10 \u20ac<\/p>\n<p>Jeux pour enfants compris dans le tarif<br \/>\nCh\u00e8ques-vacances accept\u00e9s<br \/>\nAires de pique-nique<\/p>\n<\/div><\/div><\/div><\/div><\/div><div class=\"fusion-layout-column fusion_builder_column fusion-builder-column-4 fusion_builder_column_1_2 1_2 fusion-flex-column\" style=\"--awb-bg-size:cover;--awb-width-large:50%;--awb-margin-top-large:0px;--awb-spacing-right-large:3.84%;--awb-margin-bottom-large:20px;--awb-spacing-left-large:3.84%;--awb-width-medium:50%;--awb-spacing-right-medium:3.84%;--awb-spacing-left-medium:3.84%;--awb-width-small:100%;--awb-spacing-right-small:1.92%;--awb-spacing-left-small:1.92%;\"><div class=\"fusion-column-wrapper fusion-flex-justify-content-flex-start fusion-content-layout-column\"><div class=\"fusion-text fusion-text-4\"><p>GROUPES<\/p>\n<\/div><div class=\"fusion-tabs fusion-tabs-2 classic nav-is-justified horizontal-tabs icon-position-left mobile-mode-accordion\" style=\"--awb-title-border-radius-top-left:0px;--awb-title-border-radius-top-right:0px;--awb-title-border-radius-bottom-right:0px;--awb-title-border-radius-bottom-left:0px;--awb-alignment:start;--awb-inactive-color:#f1f2f2;--awb-background-color:#ffffff;--awb-border-color:#ebeaea;--awb-active-border-color:#f05126;\"><div class=\"nav\"><ul class=\"nav-tabs nav-justified\" role=\"tablist\"><li class=\"active\" role=\"presentation\"><a class=\"tab-link\" data-toggle=\"tab\" role=\"tab\" aria-controls=\"tab-61dde52fe4b67ffe037\" aria-selected=\"true\" id=\"fusion-tab-adultes\" href=\"#tab-61dde52fe4b67ffe037\"><h4 class=\"fusion-tab-heading\">ADULTES<\/h4><\/a><\/li><li role=\"presentation\"><a class=\"tab-link\" data-toggle=\"tab\" role=\"tab\" aria-controls=\"tab-fe8a8fecc4a69de8ca0\" aria-selected=\"false\" tabindex=\"-1\" id=\"fusion-tab-scolairesetcentresdeloisirs\" href=\"#tab-fe8a8fecc4a69de8ca0\"><h4 class=\"fusion-tab-heading\">SCOLAIRES ET CENTRES DE LOISIRS<\/h4><\/a><\/li><\/ul><\/div><div class=\"tab-content\"><div class=\"nav fusion-mobile-tab-nav\"><ul class=\"nav-tabs nav-justified\" role=\"tablist\"><li class=\"active\" role=\"presentation\"><a class=\"tab-link\" data-toggle=\"tab\" role=\"tab\" aria-controls=\"tab-61dde52fe4b67ffe037\" aria-selected=\"true\" id=\"mobile-fusion-tab-adultes\" href=\"#tab-61dde52fe4b67ffe037\"><h4 class=\"fusion-tab-heading\">ADULTES<\/h4><\/a><\/li><\/ul><\/div><div class=\"tab-pane fade fusion-clearfix in active\" role=\"tabpanel\" tabindex=\"0\" aria-labelledby=\"fusion-tab-adultes\" id=\"tab-61dde52fe4b67ffe037\">\n<p>Les groupes compos\u00e9s d\u2019un minimum de 20 personnes pourront b\u00e9n\u00e9ficier d\u2019une visite guid\u00e9e des ext\u00e9rieurs et des pi\u00e8ces meubl\u00e9es. Lors de cette visite compl\u00e8te, d\u2019une dur\u00e9e de 1h30, notre guide vous parlera en d\u00e9tails des pi\u00e8ces meubl\u00e9es ainsi que des ext\u00e9rieurs, afin de mieux conna\u00eetre l\u2019histoire et l\u2019architecture de l\u2019\u00e9difice. Les mus\u00e9es (mus\u00e9e du mariage et collection de voitures hippomobiles et d\u2019enfants) se font en visite libre. Vous pourrez aussi d\u00e9jeuner dans le parc du ch\u00e2teau.<br \/>\n<em>Possibilit\u00e9 de faire seulement les ext\u00e9rieurs en visite libre. Cette visite comprend la chapelle, le colombier, la salle des gardes, les mus\u00e9es et le parc.<br \/>\nVous pouvez aussi rester pique-niquer dans le parc du ch\u00e2teau. Par mauvais temps, une salle sera mise \u00e0 votre disposition.<\/em><\/p>\n<p><strong>Tarifs :<\/strong><\/p>\n<p>Adulte en visite libre : 6 \u20ac<br \/>\nAdulte en visite guid\u00e9e : 9,5 \u20ac<br \/>\nAccompagnateur : gratuit<\/p>\n<p><strong>Merci de nous contacter au pr\u00e9alable afin d\u2019organiser au mieux votre visite.<\/strong><br \/>\nR\u00e9servation obligatoire :<br \/>\n02 54 46 42 88<br \/>\nchateauvillesavin@wanadoo.fr<\/p>\n<\/div><div class=\"nav fusion-mobile-tab-nav\"><ul class=\"nav-tabs nav-justified\" role=\"tablist\"><li role=\"presentation\"><a class=\"tab-link\" data-toggle=\"tab\" role=\"tab\" aria-controls=\"tab-fe8a8fecc4a69de8ca0\" aria-selected=\"false\" tabindex=\"-1\" id=\"mobile-fusion-tab-scolairesetcentresdeloisirs\" href=\"#tab-fe8a8fecc4a69de8ca0\"><h4 class=\"fusion-tab-heading\">SCOLAIRES ET CENTRES DE LOISIRS<\/h4><\/a><\/li><\/ul><\/div><div class=\"tab-pane fade fusion-clearfix\" role=\"tabpanel\" tabindex=\"0\" aria-labelledby=\"fusion-tab-scolairesetcentresdeloisirs\" id=\"tab-fe8a8fecc4a69de8ca0\">\n<p>Les classes d\u2019enfants de 3 \u00e0 18 ans et les centres de loisirs pourront profiter de nos visites adapt\u00e9es aux programmes scolaires. Au cours de leur visite, ils pourront faire la chasse au fant\u00f4me, le RoadBook des petits ou des grands, la chasse aux arbres, la d\u00e9couverte de la mini ferme&#8230; Il est aussi possible de faire une visite guid\u00e9e des pi\u00e8ces meubl\u00e9es ainsi que des ext\u00e9rieurs.<br \/>\n<em>Possibilit\u00e9 de faire seulement les ext\u00e9rieurs en visite libre. Cette visite comprend la chapelle, le colombier, la salle des gardes, les mus\u00e9es et le parc.<br \/>\nVous pouvez aussi rester pique-niquer dans le parc du ch\u00e2teau. Par mauvais temps, une salle sera mise \u00e0 votre disposition.<\/em><\/p>\n<p><strong><br \/>\nTarifs :<\/strong><\/p>\n<p>Enfant en visite libre : 5 \u20ac<br \/>\nEnfant en visite guid\u00e9e : 6 \u20ac<br \/>\nAccompagnateur : gratuit jusqu\u2019\u00e0 3 personnes<\/p>\n<p><strong>Merci de nous contacter au pr\u00e9alable afin d\u2019organiser au mieux votre visite.<\/strong><br \/>\nR\u00e9servation obligatoire :<br \/>\n02 54 46 42 88<br \/>\nchateauvillesavin@wanadoo.fr<\/p>\n<\/div><\/div><\/div><\/div><\/div><\/div><\/div><\/p>\n","protected":false},"excerpt":{"rendered":"","protected":false},"author":1,"featured_media":0,"parent":0,"menu_order":0,"comment_status":"open","ping_status":"open","template":"","meta":{"footnotes":""},"class_list":["post-11102","page","type-page","status-publish","hentry"],"_links":{"self":[{"href":"https:\/\/www.chateau-de-villesavin.fr\/index.php?rest_route=\/wp\/v2\/pages\/11102","targetHints":{"allow":["GET"]}}],"collection":[{"href":"https:\/\/www.chateau-de-villesavin.fr\/index.php?rest_route=\/wp\/v2\/pages"}],"about":[{"href":"https:\/\/www.chateau-de-villesavin.fr\/index.php?rest_route=\/wp\/v2\/types\/page"}],"author":[{"embeddable":true,"href":"https:\/\/www.chateau-de-villesavin.fr\/index.php?rest_route=\/wp\/v2\/users\/1"}],"replies":[{"embeddable":true,"href":"https:\/\/www.chateau-de-villesavin.fr\/index.php?rest_route=%2Fwp%2Fv2%2Fcomments&post=11102"}],"version-history":[{"count":42,"href":"https:\/\/www.chateau-de-villesavin.fr\/index.php?rest_route=\/wp\/v2\/pages\/11102\/revisions"}],"predecessor-version":[{"id":12061,"href":"https:\/\/www.chateau-de-villesavin.fr\/index.php?rest_route=\/wp\/v2\/pages\/11102\/revisions\/12061"}],"wp:attachment":[{"href":"https:\/\/www.chateau-de-villesavin.fr\/index.php?rest_route=%2Fwp%2Fv2%2Fmedia&parent=11102"}],"curies":[{"name":"wp","href":"https:\/\/api.w.org\/{rel}","templated":true}]}}