{"id":11122,"date":"2015-03-06T08:20:25","date_gmt":"2015-03-06T08:20:25","guid":{"rendered":"http:\/\/www.chateau-de-villesavin.fr\/?page_id=11122"},"modified":"2023-02-23T19:15:33","modified_gmt":"2023-02-23T19:15:33","slug":"acces-et-coordonnees","status":"publish","type":"page","link":"https:\/\/www.chateau-de-villesavin.fr\/?page_id=11122","title":{"rendered":"Acc\u00e8s et coordonn\u00e9es"},"content":{"rendered":"<p><div class=\"fusion-fullwidth fullwidth-box fusion-builder-row-1 fusion-flex-container nonhundred-percent-fullwidth non-hundred-percent-height-scrolling\" style=\"--awb-background-position:left top;--awb-border-radius-top-left:0px;--awb-border-radius-top-right:0px;--awb-border-radius-bottom-right:0px;--awb-border-radius-bottom-left:0px;--awb-padding-top:20px;--awb-padding-right:0px;--awb-padding-bottom:20px;--awb-padding-left:0px;--awb-border-sizes-top:0px;--awb-border-sizes-bottom:0px;--awb-flex-wrap:wrap;\" ><div class=\"fusion-builder-row fusion-row fusion-flex-align-items-flex-start fusion-flex-content-wrap\" style=\"max-width:1144px;margin-left: calc(-4% \/ 2 );margin-right: calc(-4% \/ 2 );\"><div class=\"fusion-layout-column fusion_builder_column fusion-builder-column-0 fusion_builder_column_2_3 2_3 fusion-flex-column\" style=\"--awb-bg-size:cover;--awb-width-large:66.666666666667%;--awb-margin-top-large:0px;--awb-spacing-right-large:3.84%;--awb-margin-bottom-large:20px;--awb-spacing-left-large:2.88%;--awb-width-medium:66.666666666667%;--awb-spacing-right-medium:3.84%;--awb-spacing-left-medium:2.88%;--awb-width-small:100%;--awb-spacing-right-small:1.92%;--awb-spacing-left-small:1.92%;\"><div class=\"fusion-column-wrapper fusion-flex-justify-content-flex-start fusion-content-layout-column\"><iframe style=\"border: 0;\" src=\"https:\/\/www.google.com\/maps\/embed?pb=!1m18!1m12!1m3!1d2693.0931067789215!2d1.5121349162413857!3d47.54651660011879!2m3!1f0!2f0!3f0!3m2!1i1024!2i768!4f13.1!3m3!1m2!1s0x47e4b1c7fa037857%3A0x4967daa3b6bef8a!2sCh%C3%A2teau+de+Villesavin!5e0!3m2!1sfr!2sfr!4v1549814900979\" width=\"600\" height=\"450\" frameborder=\"0\" allowfullscreen=\"allowfullscreen\"><\/iframe><\/div><\/div><div class=\"fusion-layout-column fusion_builder_column fusion-builder-column-1 fusion_builder_column_1_3 1_3 fusion-flex-column\" style=\"--awb-bg-size:cover;--awb-width-large:33.333333333333%;--awb-margin-top-large:0px;--awb-spacing-right-large:5.76%;--awb-margin-bottom-large:20px;--awb-spacing-left-large:3.84%;--awb-width-medium:33.333333333333%;--awb-spacing-right-medium:5.76%;--awb-spacing-left-medium:3.84%;--awb-width-small:100%;--awb-spacing-right-small:1.92%;--awb-spacing-left-small:1.92%;\"><div class=\"fusion-column-wrapper fusion-flex-justify-content-flex-start fusion-content-layout-column\"><div class=\"fusion-text fusion-text-1\"><h1 class=\"cards-entity-title cards-strong cards-text-truncate-and-wrap\">Ch\u00e2teau de Villesavin<\/h1>\n<div class=\"cards-text-truncate-and-wrap\">41250 Tour-en-Sologne<\/div>\n<div class=\"cards-text-truncate-and-wrap\"><\/div>\n<div class=\"cards-text-truncate-and-wrap\"><strong>T\u00e9l. :<\/strong> 02 54 46 42 88<br \/>\n<strong>Email :<\/strong> <a href=\"mailto:chateauvillesavin@wanadoo.fr\">chateauvillesavin@wanadoo.fr<\/a><br \/>\n<strong>Siret :<\/strong> 34168145000027<\/div>\n<\/div><\/div><\/div><\/div><\/div><div class=\"fusion-fullwidth fullwidth-box fusion-builder-row-2 fusion-flex-container hundred-percent-fullwidth non-hundred-percent-height-scrolling\" style=\"--awb-border-radius-top-left:0px;--awb-border-radius-top-right:0px;--awb-border-radius-bottom-right:0px;--awb-border-radius-bottom-left:0px;--awb-overflow:visible;--awb-flex-wrap:wrap;\" ><div class=\"fusion-builder-row fusion-row fusion-flex-align-items-flex-start fusion-flex-content-wrap\" style=\"width:104% !important;max-width:104% !important;margin-left: calc(-4% \/ 2 );margin-right: calc(-4% \/ 2 );\"><div class=\"fusion-layout-column fusion_builder_column fusion-builder-column-2 fusion_builder_column_1_1 1_1 fusion-flex-column fusion-flex-align-self-flex-start fusion-column-no-min-height\" style=\"--awb-bg-size:cover;--awb-width-large:100%;--awb-margin-top-large:0px;--awb-spacing-right-large:1.92%;--awb-margin-bottom-large:0px;--awb-spacing-left-large:1.92%;--awb-width-medium:100%;--awb-spacing-right-medium:1.92%;--awb-spacing-left-medium:1.92%;--awb-width-small:100%;--awb-spacing-right-small:1.92%;--awb-spacing-left-small:1.92%;\"><div class=\"fusion-column-wrapper fusion-flex-justify-content-flex-start fusion-content-layout-column\"><div class=\"fusion-text fusion-text-2\"><h1 style=\"text-align: left; font-size: 30px !important;\">Comment venir ?<\/h1>\n<div class=\"clearer\">Le ch\u00e2teau du Villesavin se situe dans le<strong> Loir-et-Cher<\/strong>, en Val de Loire, \u00e0 environ 2 heures de Paris en voiture. Il est aussi \u00e0 seulement quelques kilom\u00e8tres des Ch\u00e2teaux de Chambord (9 km), Cheverny (7 km) et de Blois (15 km).<\/div>\n<div id=\"texteLong1-1\" class=\"ideo_gdc_texteLong1\"><\/div>\n<p><input id=\"verrou_1\" type=\"hidden\" value=\"0\" \/><\/p>\n<div id=\"texteLong1-2\" class=\"ideo_gdc_texteLong1\">\n<h3 class=\"blocTexte1\">En voiture au d\u00e9part de Paris<\/h3>\n<div class=\"blocTexte1\">\n<ul>\n<li>Prendre l\u2019autoroute A10, direction Paris &#8211; Bordeaux, sortie Blois (190 km).<\/li>\n<li>Le ch\u00e2teau est situ\u00e9 \u00e0 20 minutes de la sortie d\u2019autoroute direction Ch\u00e2teauroux &#8211; Vierzon.<\/li>\n<\/ul>\n<\/div>\n<h3>Par le train en venant de :<\/h3>\n<ul>\n<li>Paris gare d\u2019Austerlitz, arr\u00eat gare de Blois, trajet de 1h40.<\/li>\n<li>Paris gare Montparnasse, arr\u00eat gare de Vend\u00f4me \u2013 TGV Paris \u2013 Vend\u00f4me, trajet de 42 minutes (Vend\u00f4me \u2013 Blois 30 km).<\/li>\n<\/ul>\n<\/div>\n<h3>Par le bus en gare de Blois :<\/h3>\n<ul>\n<li>Ligne de bus pour Tour en Sologne, arr\u00eat \u00ab\u00a0Arian\u00a0\u00bb.<\/li>\n<\/ul>\n<\/div><\/div><\/div><\/div><\/div><\/p>\n","protected":false},"excerpt":{"rendered":"","protected":false},"author":1,"featured_media":0,"parent":0,"menu_order":0,"comment_status":"open","ping_status":"open","template":"","meta":{"footnotes":""},"class_list":["post-11122","page","type-page","status-publish","hentry"],"_links":{"self":[{"href":"https:\/\/www.chateau-de-villesavin.fr\/index.php?rest_route=\/wp\/v2\/pages\/11122","targetHints":{"allow":["GET"]}}],"collection":[{"href":"https:\/\/www.chateau-de-villesavin.fr\/index.php?rest_route=\/wp\/v2\/pages"}],"about":[{"href":"https:\/\/www.chateau-de-villesavin.fr\/index.php?rest_route=\/wp\/v2\/types\/page"}],"author":[{"embeddable":true,"href":"https:\/\/www.chateau-de-villesavin.fr\/index.php?rest_route=\/wp\/v2\/users\/1"}],"replies":[{"embeddable":true,"href":"https:\/\/www.chateau-de-villesavin.fr\/index.php?rest_route=%2Fwp%2Fv2%2Fcomments&post=11122"}],"version-history":[{"count":14,"href":"https:\/\/www.chateau-de-villesavin.fr\/index.php?rest_route=\/wp\/v2\/pages\/11122\/revisions"}],"predecessor-version":[{"id":11999,"href":"https:\/\/www.chateau-de-villesavin.fr\/index.php?rest_route=\/wp\/v2\/pages\/11122\/revisions\/11999"}],"wp:attachment":[{"href":"https:\/\/www.chateau-de-villesavin.fr\/index.php?rest_route=%2Fwp%2Fv2%2Fmedia&parent=11122"}],"curies":[{"name":"wp","href":"https:\/\/api.w.org\/{rel}","templated":true}]}}