{"id":11234,"date":"2015-03-06T15:12:55","date_gmt":"2015-03-06T15:12:55","guid":{"rendered":"http:\/\/www.chateau-de-villesavin.fr\/?page_id=11234"},"modified":"2026-02-23T19:45:16","modified_gmt":"2026-02-23T19:45:16","slug":"actualites","status":"publish","type":"page","link":"https:\/\/www.chateau-de-villesavin.fr\/?page_id=11234","title":{"rendered":"Actualit\u00e9s"},"content":{"rendered":"<div class=\"fusion-fullwidth fullwidth-box fusion-builder-row-1 fusion-flex-container nonhundred-percent-fullwidth non-hundred-percent-height-scrolling\" style=\"--awb-background-position:left top;--awb-border-sizes-top:0px;--awb-border-sizes-bottom:0px;--awb-border-sizes-left:0px;--awb-border-sizes-right:0px;--awb-border-radius-top-left:0px;--awb-border-radius-top-right:0px;--awb-border-radius-bottom-right:0px;--awb-border-radius-bottom-left:0px;--awb-padding-top:20px;--awb-padding-right:0px;--awb-padding-bottom:20px;--awb-padding-left:0px;--awb-flex-wrap:wrap;\" ><div class=\"fusion-builder-row fusion-row fusion-flex-align-items-flex-start fusion-flex-content-wrap\" style=\"max-width:1144px;margin-left: calc(-4% \/ 2 );margin-right: calc(-4% \/ 2 );\"><div class=\"fusion-layout-column fusion_builder_column fusion-builder-column-0 fusion_builder_column_1_5 1_5 fusion-flex-column\" style=\"--awb-bg-size:cover;--awb-width-large:20%;--awb-margin-top-large:0px;--awb-spacing-right-large:3.84%;--awb-margin-bottom-large:20px;--awb-spacing-left-large:9.6%;--awb-width-medium:20%;--awb-spacing-right-medium:3.84%;--awb-spacing-left-medium:9.6%;--awb-width-small:100%;--awb-spacing-right-small:1.92%;--awb-spacing-left-small:1.92%;\"><div class=\"fusion-column-wrapper fusion-flex-justify-content-flex-start fusion-content-layout-column\"><div class=\"fusion-image-element \" style=\"--awb-caption-title-font-family:var(--h2_typography-font-family);--awb-caption-title-font-weight:var(--h2_typography-font-weight);--awb-caption-title-font-style:var(--h2_typography-font-style);--awb-caption-title-size:var(--h2_typography-font-size);--awb-caption-title-transform:var(--h2_typography-text-transform);--awb-caption-title-line-height:var(--h2_typography-line-height);--awb-caption-title-letter-spacing:var(--h2_typography-letter-spacing);\"><span class=\" fusion-imageframe imageframe-none imageframe-1 hover-type-none\"><img decoding=\"async\" width=\"300\" height=\"214\" title=\"Logo_villesavin\" src=\"https:\/\/www.chateau-de-villesavin.fr\/wp-content\/uploads\/2015\/03\/Logo_villesavin-300x214.jpg\" alt class=\"img-responsive wp-image-11012\" srcset=\"https:\/\/www.chateau-de-villesavin.fr\/wp-content\/uploads\/2015\/03\/Logo_villesavin-300x214.jpg 300w, https:\/\/www.chateau-de-villesavin.fr\/wp-content\/uploads\/2015\/03\/Logo_villesavin.jpg 595w\" sizes=\"(max-width: 300px) 100vw, 300px\" \/><\/span><\/div><\/div><\/div><div class=\"fusion-layout-column fusion_builder_column fusion-builder-column-1 fusion_builder_column_4_5 4_5 fusion-flex-column\" style=\"--awb-bg-size:cover;--awb-width-large:80%;--awb-margin-top-large:0px;--awb-spacing-right-large:2.4%;--awb-margin-bottom-large:20px;--awb-spacing-left-large:3.84%;--awb-width-medium:80%;--awb-spacing-right-medium:2.4%;--awb-spacing-left-medium:3.84%;--awb-width-small:100%;--awb-spacing-right-small:1.92%;--awb-spacing-left-small:1.92%;\"><div class=\"fusion-column-wrapper fusion-flex-justify-content-flex-start fusion-content-layout-column\"><div class=\"fusion-text fusion-text-1\" style=\"--awb-text-transform:none;\"><h1 style=\"text-align: left; font-size: 30px !important;\">D\u00e9couvrez notre agenda d&rsquo;\u00e9v\u00e9nements 2025 !<\/h1>\n<\/div><div class=\"fusion-tabs fusion-tabs-1 classic nav-is-justified horizontal-tabs icon-position-left mobile-mode-accordion\" style=\"--awb-title-border-radius-top-left:0px;--awb-title-border-radius-top-right:0px;--awb-title-border-radius-bottom-right:0px;--awb-title-border-radius-bottom-left:0px;--awb-alignment:start;--awb-inactive-color:#f1f2f2;--awb-background-color:#ffffff;--awb-border-color:#ebeaea;--awb-active-border-color:#f05126;\"><div class=\"nav\"><ul class=\"nav-tabs nav-justified\" role=\"tablist\"><li class=\"active\" role=\"presentation\"><a class=\"tab-link\" data-toggle=\"tab\" role=\"tab\" aria-controls=\"tab-c47c5dadf9ef7fa7dc1\" aria-selected=\"true\" id=\"fusion-tab-5et6avril\" href=\"#tab-c47c5dadf9ef7fa7dc1\"><h4 class=\"fusion-tab-heading\">5 et 6 avril<\/h4><\/a><\/li><li role=\"presentation\"><a class=\"tab-link\" data-toggle=\"tab\" role=\"tab\" aria-controls=\"tab-b76d6fe69fcd49ab722\" aria-selected=\"false\" tabindex=\"-1\" id=\"fusion-tab-7ao\u00fbt\" href=\"#tab-b76d6fe69fcd49ab722\"><h4 class=\"fusion-tab-heading\">7 ao\u00fbt<\/h4><\/a><\/li><li role=\"presentation\"><a class=\"tab-link\" data-toggle=\"tab\" role=\"tab\" aria-controls=\"tab-93032ad337b070f28f1\" aria-selected=\"false\" tabindex=\"-1\" id=\"fusion-tab-15et16ao\u00fbt\" href=\"#tab-93032ad337b070f28f1\"><h4 class=\"fusion-tab-heading\">15 et 16 ao\u00fbt<\/h4><\/a><\/li><li role=\"presentation\"><a class=\"tab-link\" data-toggle=\"tab\" role=\"tab\" aria-controls=\"tab-49f2d8d82cb65eabf98\" aria-selected=\"false\" tabindex=\"-1\" id=\"fusion-tab-12et13septembre\" href=\"#tab-49f2d8d82cb65eabf98\"><h4 class=\"fusion-tab-heading\">12 et 13 septembre<\/h4><\/a><\/li><li role=\"presentation\"><a class=\"tab-link\" data-toggle=\"tab\" role=\"tab\" aria-controls=\"tab-8c3635f97dab71e21ae\" aria-selected=\"false\" tabindex=\"-1\" id=\"fusion-tab-20septembre\" href=\"#tab-8c3635f97dab71e21ae\"><h4 class=\"fusion-tab-heading\">20 septembre<\/h4><\/a><\/li><li role=\"presentation\"><a class=\"tab-link\" data-toggle=\"tab\" role=\"tab\" aria-controls=\"tab-c05dc6a5cac3c89c8e1\" aria-selected=\"false\" tabindex=\"-1\" id=\"fusion-tab-3et4octobre\" href=\"#tab-c05dc6a5cac3c89c8e1\"><h4 class=\"fusion-tab-heading\">3 et 4 octobre<\/h4><\/a><\/li><li role=\"presentation\"><a class=\"tab-link\" data-toggle=\"tab\" role=\"tab\" aria-controls=\"tab-f891da4b00872f2bc17\" aria-selected=\"false\" tabindex=\"-1\" id=\"fusion-tab-18octobre\" href=\"#tab-f891da4b00872f2bc17\"><h4 class=\"fusion-tab-heading\">18 octobre<\/h4><\/a><\/li><li role=\"presentation\"><a class=\"tab-link\" data-toggle=\"tab\" role=\"tab\" aria-controls=\"tab-e757c131933f1ac47d4\" aria-selected=\"false\" tabindex=\"-1\" id=\"fusion-tab-vacancesdelatoussaint\" href=\"#tab-e757c131933f1ac47d4\"><h4 class=\"fusion-tab-heading\">Vacances de la Toussaint<\/h4><\/a><\/li><li role=\"presentation\"><a class=\"tab-link\" data-toggle=\"tab\" role=\"tab\" aria-controls=\"tab-ba09c510da3bce554fe\" aria-selected=\"false\" tabindex=\"-1\" id=\"fusion-tab-31octobreet1novembre\" href=\"#tab-ba09c510da3bce554fe\"><h4 class=\"fusion-tab-heading\">31 octobre et 1 novembre<\/h4><\/a><\/li><\/ul><\/div><div class=\"tab-content\"><div class=\"nav fusion-mobile-tab-nav\"><ul class=\"nav-tabs nav-justified\" role=\"tablist\"><li class=\"active\" role=\"presentation\"><a class=\"tab-link\" data-toggle=\"tab\" role=\"tab\" aria-controls=\"tab-c47c5dadf9ef7fa7dc1\" aria-selected=\"true\" id=\"mobile-fusion-tab-5et6avril\" href=\"#tab-c47c5dadf9ef7fa7dc1\"><h4 class=\"fusion-tab-heading\">5 et 6 avril<\/h4><\/a><\/li><\/ul><\/div><div class=\"tab-pane fade fusion-clearfix in active\" role=\"tabpanel\" tabindex=\"0\" aria-labelledby=\"fusion-tab-5et6avril\" id=\"tab-c47c5dadf9ef7fa7dc1\">\n<p><strong>Grande chasse aux \u0153ufs dans le parc<\/strong><\/p>\n<p><a href=\"https:\/\/www.chateau-de-villesavin.fr\/wp-content\/uploads\/2026\/02\/Affiche_paques_2026.png\"><img decoding=\"async\" class=\"alignnone wp-image-12161 size-large\" src=\"https:\/\/www.chateau-de-villesavin.fr\/wp-content\/uploads\/2026\/02\/Affiche_paques_2026-724x1024.png\" alt=\"\" width=\"724\" height=\"1024\" srcset=\"https:\/\/www.chateau-de-villesavin.fr\/wp-content\/uploads\/2026\/02\/Affiche_paques_2026-200x283.png 200w, https:\/\/www.chateau-de-villesavin.fr\/wp-content\/uploads\/2026\/02\/Affiche_paques_2026-212x300.png 212w, https:\/\/www.chateau-de-villesavin.fr\/wp-content\/uploads\/2026\/02\/Affiche_paques_2026-400x566.png 400w, https:\/\/www.chateau-de-villesavin.fr\/wp-content\/uploads\/2026\/02\/Affiche_paques_2026-600x849.png 600w, https:\/\/www.chateau-de-villesavin.fr\/wp-content\/uploads\/2026\/02\/Affiche_paques_2026-724x1024.png 724w, https:\/\/www.chateau-de-villesavin.fr\/wp-content\/uploads\/2026\/02\/Affiche_paques_2026-768x1086.png 768w, https:\/\/www.chateau-de-villesavin.fr\/wp-content\/uploads\/2026\/02\/Affiche_paques_2026-800x1132.png 800w, https:\/\/www.chateau-de-villesavin.fr\/wp-content\/uploads\/2026\/02\/Affiche_paques_2026-1086x1536.png 1086w, https:\/\/www.chateau-de-villesavin.fr\/wp-content\/uploads\/2026\/02\/Affiche_paques_2026-1200x1698.png 1200w, https:\/\/www.chateau-de-villesavin.fr\/wp-content\/uploads\/2026\/02\/Affiche_paques_2026-1448x2048.png 1448w, https:\/\/www.chateau-de-villesavin.fr\/wp-content\/uploads\/2026\/02\/Affiche_paques_2026.png 1587w\" sizes=\"(max-width: 724px) 100vw, 724px\" \/><\/a><\/p>\n<p><a href=\"https:\/\/www.vive-paques.com\/paques\/chasse-aux-oeufs-paques.htm\"><img decoding=\"async\" class=\"alignnone size-full wp-image-11926\" src=\"https:\/\/www.chateau-de-villesavin.fr\/wp-content\/uploads\/2022\/03\/chasse_aux_oeufs_referencee_sur_vive_paques.png\" alt=\"\" width=\"231\" height=\"104\" srcset=\"https:\/\/www.chateau-de-villesavin.fr\/wp-content\/uploads\/2022\/03\/chasse_aux_oeufs_referencee_sur_vive_paques-200x90.png 200w, https:\/\/www.chateau-de-villesavin.fr\/wp-content\/uploads\/2022\/03\/chasse_aux_oeufs_referencee_sur_vive_paques.png 231w\" sizes=\"(max-width: 231px) 100vw, 231px\" \/><\/a><\/p>\n<p>Pour plus d&rsquo;informations : <a href=\"mailto:chateauvillesavin@wanadoo.fr\">chateauvillesavin@wanadoo.fr<\/a><\/p>\n<p><img decoding=\"async\" class=\"alignnone size-full wp-image-11371\" src=\"https:\/\/www.chateau-de-villesavin.fr\/wp-content\/uploads\/2015\/03\/oeufs2.jpg\" alt=\"oeufs2\" width=\"200\" height=\"150\" \/><img decoding=\"async\" class=\"alignnone size-full wp-image-11373\" src=\"https:\/\/www.chateau-de-villesavin.fr\/wp-content\/uploads\/2015\/03\/oeufs3.jpg\" alt=\"oeufs3\" width=\"200\" height=\"150\" \/><\/p>\n<\/div><div class=\"nav fusion-mobile-tab-nav\"><ul class=\"nav-tabs nav-justified\" role=\"tablist\"><li role=\"presentation\"><a class=\"tab-link\" data-toggle=\"tab\" role=\"tab\" aria-controls=\"tab-b76d6fe69fcd49ab722\" aria-selected=\"false\" tabindex=\"-1\" id=\"mobile-fusion-tab-7ao\u00fbt\" href=\"#tab-b76d6fe69fcd49ab722\"><h4 class=\"fusion-tab-heading\">7 ao\u00fbt<\/h4><\/a><\/li><\/ul><\/div><div class=\"tab-pane fade fusion-clearfix\" role=\"tabpanel\" tabindex=\"0\" aria-labelledby=\"fusion-tab-7ao\u00fbt\" id=\"tab-b76d6fe69fcd49ab722\">\n<p>Un soir d\u2019\u00e9t\u00e9 \u00e0 Villlesavin : d\u00eener concert Apple juice<\/p>\n<\/div><div class=\"nav fusion-mobile-tab-nav\"><ul class=\"nav-tabs nav-justified\" role=\"tablist\"><li role=\"presentation\"><a class=\"tab-link\" data-toggle=\"tab\" role=\"tab\" aria-controls=\"tab-93032ad337b070f28f1\" aria-selected=\"false\" tabindex=\"-1\" id=\"mobile-fusion-tab-15et16ao\u00fbt\" href=\"#tab-93032ad337b070f28f1\"><h4 class=\"fusion-tab-heading\">15 et 16 ao\u00fbt<\/h4><\/a><\/li><\/ul><\/div><div class=\"tab-pane fade fusion-clearfix\" role=\"tabpanel\" tabindex=\"0\" aria-labelledby=\"fusion-tab-15et16ao\u00fbt\" id=\"tab-93032ad337b070f28f1\">\n<p><strong>Concours d\u2019attelages canins, grand d\u00e9fil\u00e9 en costumes et attelage d\u2019\u00e9poque.<\/strong><br \/>\nPour plus d&rsquo;informations et r\u00e9servations : <a href=\"mailto:chateauvillesavin@wanadoo.fr\">chateauvillesavin@wanadoo.fr<\/a><\/p>\n<p><a href=\"https:\/\/www.chateau-de-villesavin.fr\/wp-content\/uploads\/2026\/02\/AFFICHE-ATTELAGE-2026-scaled.jpg\"><img decoding=\"async\" class=\"alignnone wp-image-12160 size-large\" src=\"https:\/\/www.chateau-de-villesavin.fr\/wp-content\/uploads\/2026\/02\/AFFICHE-ATTELAGE-2026-724x1024.jpg\" alt=\"\" width=\"724\" height=\"1024\" srcset=\"https:\/\/www.chateau-de-villesavin.fr\/wp-content\/uploads\/2026\/02\/AFFICHE-ATTELAGE-2026-200x283.jpg 200w, https:\/\/www.chateau-de-villesavin.fr\/wp-content\/uploads\/2026\/02\/AFFICHE-ATTELAGE-2026-212x300.jpg 212w, https:\/\/www.chateau-de-villesavin.fr\/wp-content\/uploads\/2026\/02\/AFFICHE-ATTELAGE-2026-400x566.jpg 400w, https:\/\/www.chateau-de-villesavin.fr\/wp-content\/uploads\/2026\/02\/AFFICHE-ATTELAGE-2026-600x849.jpg 600w, https:\/\/www.chateau-de-villesavin.fr\/wp-content\/uploads\/2026\/02\/AFFICHE-ATTELAGE-2026-724x1024.jpg 724w, https:\/\/www.chateau-de-villesavin.fr\/wp-content\/uploads\/2026\/02\/AFFICHE-ATTELAGE-2026-768x1086.jpg 768w, https:\/\/www.chateau-de-villesavin.fr\/wp-content\/uploads\/2026\/02\/AFFICHE-ATTELAGE-2026-800x1132.jpg 800w, https:\/\/www.chateau-de-villesavin.fr\/wp-content\/uploads\/2026\/02\/AFFICHE-ATTELAGE-2026-1086x1536.jpg 1086w, https:\/\/www.chateau-de-villesavin.fr\/wp-content\/uploads\/2026\/02\/AFFICHE-ATTELAGE-2026-1200x1697.jpg 1200w, https:\/\/www.chateau-de-villesavin.fr\/wp-content\/uploads\/2026\/02\/AFFICHE-ATTELAGE-2026-1448x2048.jpg 1448w, https:\/\/www.chateau-de-villesavin.fr\/wp-content\/uploads\/2026\/02\/AFFICHE-ATTELAGE-2026-scaled.jpg 1810w\" sizes=\"(max-width: 724px) 100vw, 724px\" \/><\/a><\/p>\n<p><a href=\"https:\/\/www.chateau-de-villesavin.fr\/wp-content\/uploads\/2015\/03\/Attelage.jpg\"><img decoding=\"async\" class=\"alignnone wp-image-11513 size-full\" src=\"https:\/\/www.chateau-de-villesavin.fr\/wp-content\/uploads\/2015\/03\/Attelage.jpg\" alt=\"\" width=\"200\" height=\"150\" \/><\/a><a href=\"https:\/\/www.chateau-de-villesavin.fr\/wp-content\/uploads\/2015\/03\/chien1.jpg\"><img decoding=\"async\" class=\"alignnone size-full wp-image-11514\" src=\"https:\/\/www.chateau-de-villesavin.fr\/wp-content\/uploads\/2015\/03\/chien1.jpg\" alt=\"chien\" width=\"200\" height=\"150\" \/><\/a><\/p>\n<\/div><div class=\"nav fusion-mobile-tab-nav\"><ul class=\"nav-tabs nav-justified\" role=\"tablist\"><li role=\"presentation\"><a class=\"tab-link\" data-toggle=\"tab\" role=\"tab\" aria-controls=\"tab-49f2d8d82cb65eabf98\" aria-selected=\"false\" tabindex=\"-1\" id=\"mobile-fusion-tab-12et13septembre\" href=\"#tab-49f2d8d82cb65eabf98\"><h4 class=\"fusion-tab-heading\">12 et 13 septembre<\/h4><\/a><\/li><\/ul><\/div><div class=\"tab-pane fade fusion-clearfix\" role=\"tabpanel\" tabindex=\"0\" aria-labelledby=\"fusion-tab-12et13septembre\" id=\"tab-49f2d8d82cb65eabf98\">\n<h2>Villesavin grandeur nature<\/h2>\n<p>Une journ\u00e9e autour des abeilles, de la brebis solognote et du jardin<\/p>\n<p>Pour plus d&rsquo;informations : <a href=\"mailto:chateauvillesavin@wanadoo.fr\">chateauvillesavin@wanadoo.fr<\/a><\/p>\n<\/div><div class=\"nav fusion-mobile-tab-nav\"><ul class=\"nav-tabs nav-justified\" role=\"tablist\"><li role=\"presentation\"><a class=\"tab-link\" data-toggle=\"tab\" role=\"tab\" aria-controls=\"tab-8c3635f97dab71e21ae\" aria-selected=\"false\" tabindex=\"-1\" id=\"mobile-fusion-tab-20septembre\" href=\"#tab-8c3635f97dab71e21ae\"><h4 class=\"fusion-tab-heading\">20 septembre<\/h4><\/a><\/li><\/ul><\/div><div class=\"tab-pane fade fusion-clearfix\" role=\"tabpanel\" tabindex=\"0\" aria-labelledby=\"fusion-tab-20septembre\" id=\"tab-8c3635f97dab71e21ae\">\n<p><strong>Journ\u00e9es europ\u00e9ennes du patrimoine.<\/strong><\/p>\n<p>Gratuit jusqu\u2019\u00e0 18 ans et tarif r\u00e9duit adulte.<\/p>\n<p>Le dimanche apr\u00e8s-midi les Amis de Villesavin propose des animations.<\/p>\n<p>Pour plus d&rsquo;informations : <a href=\"mailto:chateauvillesavin@wanadoo.fr\">chateauvillesavin@wanadoo.fr<\/a><\/p>\n<p><a href=\"https:\/\/www.chateau-de-villesavin.fr\/wp-content\/uploads\/2015\/03\/journee-du-patrimoine.jpg\"><img decoding=\"async\" class=\"alignnone wp-image-11515 size-full\" src=\"https:\/\/www.chateau-de-villesavin.fr\/wp-content\/uploads\/2015\/03\/journee-du-patrimoine.jpg\" alt=\"\" width=\"200\" height=\"150\" \/><\/a><\/p>\n<\/div><div class=\"nav fusion-mobile-tab-nav\"><ul class=\"nav-tabs nav-justified\" role=\"tablist\"><li role=\"presentation\"><a class=\"tab-link\" data-toggle=\"tab\" role=\"tab\" aria-controls=\"tab-c05dc6a5cac3c89c8e1\" aria-selected=\"false\" tabindex=\"-1\" id=\"mobile-fusion-tab-3et4octobre\" href=\"#tab-c05dc6a5cac3c89c8e1\"><h4 class=\"fusion-tab-heading\">3 et 4 octobre<\/h4><\/a><\/li><\/ul><\/div><div class=\"tab-pane fade fusion-clearfix\" role=\"tabpanel\" tabindex=\"0\" aria-labelledby=\"fusion-tab-3et4octobre\" id=\"tab-c05dc6a5cac3c89c8e1\">\n<p><strong>Seizi\u00e8me festival de la c\u00e9ramique.<\/strong><br \/>\nPour plus d&rsquo;informations et r\u00e9servations : <a href=\"mailto:chateauvillesavin@wanadoo.fr\">chateauvillesavin@wanadoo.fr<\/a><\/p>\n<p><img decoding=\"async\" class=\"alignnone size-full wp-image-11379\" src=\"https:\/\/www.chateau-de-villesavin.fr\/wp-content\/uploads\/2015\/03\/ceramique.jpg\" alt=\"ceramique\" width=\"200\" height=\"150\" \/><img decoding=\"async\" class=\"alignnone size-medium wp-image-11380\" src=\"https:\/\/www.chateau-de-villesavin.fr\/wp-content\/uploads\/2015\/03\/ceramique2.jpg\" alt=\"ceramique2\" width=\"200\" height=\"150\" \/><\/p>\n<\/div><div class=\"nav fusion-mobile-tab-nav\"><ul class=\"nav-tabs nav-justified\" role=\"tablist\"><li role=\"presentation\"><a class=\"tab-link\" data-toggle=\"tab\" role=\"tab\" aria-controls=\"tab-f891da4b00872f2bc17\" aria-selected=\"false\" tabindex=\"-1\" id=\"mobile-fusion-tab-18octobre\" href=\"#tab-f891da4b00872f2bc17\"><h4 class=\"fusion-tab-heading\">18 octobre<\/h4><\/a><\/li><\/ul><\/div><div class=\"tab-pane fade fusion-clearfix\" role=\"tabpanel\" tabindex=\"0\" aria-labelledby=\"fusion-tab-18octobre\" id=\"tab-f891da4b00872f2bc17\">\n<p><strong>Les rendez-vous du chocolat 21\u00e8me \u00e9dition !<\/strong><br \/>\nPour plus d&rsquo;informations et r\u00e9servations : <a href=\"mailto:chateauvillesavin@wanadoo.fr\">chateauvillesavin@wanadoo.fr<\/a><\/p>\n<p><img decoding=\"async\" class=\"alignnone size-full wp-image-11381\" src=\"https:\/\/www.chateau-de-villesavin.fr\/wp-content\/uploads\/2015\/03\/chocolat.jpg\" alt=\"chocolat\" width=\"200\" height=\"150\" \/><img decoding=\"async\" class=\"alignnone size-medium wp-image-11382\" src=\"https:\/\/www.chateau-de-villesavin.fr\/wp-content\/uploads\/2015\/03\/chocolat2.jpg\" alt=\"chocolat2\" width=\"200\" height=\"150\" \/><\/p>\n<\/div><div class=\"nav fusion-mobile-tab-nav\"><ul class=\"nav-tabs nav-justified\" role=\"tablist\"><li role=\"presentation\"><a class=\"tab-link\" data-toggle=\"tab\" role=\"tab\" aria-controls=\"tab-e757c131933f1ac47d4\" aria-selected=\"false\" tabindex=\"-1\" id=\"mobile-fusion-tab-vacancesdelatoussaint\" href=\"#tab-e757c131933f1ac47d4\"><h4 class=\"fusion-tab-heading\">Vacances de la Toussaint<\/h4><\/a><\/li><\/ul><\/div><div class=\"tab-pane fade fusion-clearfix\" role=\"tabpanel\" tabindex=\"0\" aria-labelledby=\"fusion-tab-vacancesdelatoussaint\" id=\"tab-e757c131933f1ac47d4\">\n<p><strong>Grand jeu de piste Halloween, tous les jours de 10h \u00e0 12h et de 14h \u00e0 18h<\/strong><\/p>\n<p>Du 19 octobre au 1<sup>er<\/sup> novembre<\/p>\n<p>Pour plus d&rsquo;informations : <a href=\"mailto:chateauvillesavin@wanadoo.fr\">chateauvillesavin@wanadoo.fr<\/a><\/p>\n<\/div><div class=\"nav fusion-mobile-tab-nav\"><ul class=\"nav-tabs nav-justified\" role=\"tablist\"><li role=\"presentation\"><a class=\"tab-link\" data-toggle=\"tab\" role=\"tab\" aria-controls=\"tab-ba09c510da3bce554fe\" aria-selected=\"false\" tabindex=\"-1\" id=\"mobile-fusion-tab-31octobreet1novembre\" href=\"#tab-ba09c510da3bce554fe\"><h4 class=\"fusion-tab-heading\">31 octobre et 1 novembre<\/h4><\/a><\/li><\/ul><\/div><div class=\"tab-pane fade fusion-clearfix\" role=\"tabpanel\" tabindex=\"0\" aria-labelledby=\"fusion-tab-31octobreet1novembre\" id=\"tab-ba09c510da3bce554fe\">\n<p><strong>Dix-huiti\u00e8me salon des vins.<\/strong><br \/>\nPour plus d&rsquo;informations et r\u00e9servations : <a href=\"mailto:chateauvillesavin@wanadoo.fr\">chateauvillesavin@wanadoo.fr<\/a><\/p>\n<p><img decoding=\"async\" class=\"alignnone size-full wp-image-11384\" src=\"https:\/\/www.chateau-de-villesavin.fr\/wp-content\/uploads\/2015\/03\/vin.jpg\" alt=\"vin\" width=\"200\" height=\"150\" \/><\/p>\n<\/div><\/div><\/div><\/div><\/div><\/div><\/div>\n","protected":false},"excerpt":{"rendered":"","protected":false},"author":1,"featured_media":0,"parent":0,"menu_order":0,"comment_status":"open","ping_status":"open","template":"","meta":{"footnotes":""},"class_list":["post-11234","page","type-page","status-publish","hentry"],"_links":{"self":[{"href":"https:\/\/www.chateau-de-villesavin.fr\/index.php?rest_route=\/wp\/v2\/pages\/11234","targetHints":{"allow":["GET"]}}],"collection":[{"href":"https:\/\/www.chateau-de-villesavin.fr\/index.php?rest_route=\/wp\/v2\/pages"}],"about":[{"href":"https:\/\/www.chateau-de-villesavin.fr\/index.php?rest_route=\/wp\/v2\/types\/page"}],"author":[{"embeddable":true,"href":"https:\/\/www.chateau-de-villesavin.fr\/index.php?rest_route=\/wp\/v2\/users\/1"}],"replies":[{"embeddable":true,"href":"https:\/\/www.chateau-de-villesavin.fr\/index.php?rest_route=%2Fwp%2Fv2%2Fcomments&post=11234"}],"version-history":[{"count":146,"href":"https:\/\/www.chateau-de-villesavin.fr\/index.php?rest_route=\/wp\/v2\/pages\/11234\/revisions"}],"predecessor-version":[{"id":12162,"href":"https:\/\/www.chateau-de-villesavin.fr\/index.php?rest_route=\/wp\/v2\/pages\/11234\/revisions\/12162"}],"wp:attachment":[{"href":"https:\/\/www.chateau-de-villesavin.fr\/index.php?rest_route=%2Fwp%2Fv2%2Fmedia&parent=11234"}],"curies":[{"name":"wp","href":"https:\/\/api.w.org\/{rel}","templated":true}]}}