{"id":11550,"date":"2017-08-04T13:31:19","date_gmt":"2017-08-04T13:31:19","guid":{"rendered":"http:\/\/www.chateau-de-villesavin.fr\/?page_id=11550"},"modified":"2025-08-07T17:11:07","modified_gmt":"2025-08-07T17:11:07","slug":"chasse-au-tresorau-chateau-de-villesavin","status":"publish","type":"page","link":"https:\/\/www.chateau-de-villesavin.fr\/?page_id=11550","title":{"rendered":"Chasse au tr\u00e9sor\u2026au Ch\u00e2teau de Villesavin !"},"content":{"rendered":"<div class=\"fusion-fullwidth fullwidth-box fusion-builder-row-1 fusion-flex-container nonhundred-percent-fullwidth non-hundred-percent-height-scrolling\" style=\"--awb-background-position:left top;--awb-border-color:#e5e4e4;--awb-border-radius-top-left:0px;--awb-border-radius-top-right:0px;--awb-border-radius-bottom-right:0px;--awb-border-radius-bottom-left:0px;--awb-padding-top:45px;--awb-padding-right:0px;--awb-padding-bottom:0px;--awb-padding-left:0px;--awb-background-color:#f8f8f8;--awb-border-sizes-top:1px;--awb-border-sizes-bottom:1px;--awb-flex-wrap:wrap;\" ><div class=\"fusion-builder-row fusion-row fusion-flex-align-items-flex-start fusion-flex-content-wrap\" style=\"max-width:1144px;margin-left: calc(-4% \/ 2 );margin-right: calc(-4% \/ 2 );\"><div class=\"fusion-layout-column fusion_builder_column fusion-builder-column-0 fusion_builder_column_1_5 1_5 fusion-flex-column\" style=\"--awb-bg-size:cover;--awb-width-large:20%;--awb-margin-top-large:0px;--awb-spacing-right-large:3.84%;--awb-margin-bottom-large:20px;--awb-spacing-left-large:9.6%;--awb-width-medium:20%;--awb-spacing-right-medium:3.84%;--awb-spacing-left-medium:9.6%;--awb-width-small:100%;--awb-spacing-right-small:1.92%;--awb-spacing-left-small:1.92%;\"><div class=\"fusion-column-wrapper fusion-flex-justify-content-flex-start fusion-content-layout-column\"><\/div><\/div><div class=\"fusion-layout-column fusion_builder_column fusion-builder-column-1 fusion_builder_column_3_5 3_5 fusion-flex-column\" style=\"--awb-bg-size:cover;--awb-width-large:60%;--awb-margin-top-large:0px;--awb-spacing-right-large:3.2%;--awb-margin-bottom-large:20px;--awb-spacing-left-large:3.84%;--awb-width-medium:60%;--awb-spacing-right-medium:3.2%;--awb-spacing-left-medium:3.84%;--awb-width-small:100%;--awb-spacing-right-small:1.92%;--awb-spacing-left-small:1.92%;\"><div class=\"fusion-column-wrapper fusion-flex-justify-content-flex-start fusion-content-layout-column\"><div class=\"fusion-text fusion-text-1\"><h1>Chasse au tr\u00e9sor au Ch\u00e2teau de Villesavin !<\/h1>\n<\/div><div class=\"fusion-separator fusion-full-width-sep\" style=\"align-self: center;margin-left: auto;margin-right: auto;margin-top:5px;margin-bottom:25px;width:100%;\"><div class=\"fusion-separator-border sep-single sep-solid\" style=\"--awb-height:20px;--awb-amount:20px;border-color:#e0dede;border-top-width:1px;\"><\/div><\/div><div class=\"fusion-text fusion-text-2\"><p><span style=\"font-size: large;\"><b><u>Suite aux d\u00e9g\u00e2ts caus\u00e9s par la temp\u00eate la session du 12 ao\u00fbt est annul\u00e9e<\/u><\/b><\/span><\/p>\n<\/div><div class=\"fusion-separator fusion-full-width-sep\" style=\"align-self: center;margin-left: auto;margin-right: auto;margin-top:5px;margin-bottom:25px;width:100%;\"><div class=\"fusion-separator-border sep-single sep-solid\" style=\"--awb-height:20px;--awb-amount:20px;border-color:#e0dede;border-top-width:1px;\"><\/div><\/div><div class=\"fusion-text fusion-text-3\"><p>Plongez au c\u0153ur d\u2019une authentique chasse au tr\u00e9sor dans le parc du Ch\u00e2teau de Villesavin. Une aventure haute en couleur qui risque fort de vous surprendre\u2026<\/p>\n<p>Uniquement sur r\u00e9servation, les dates sont arr\u00eat\u00e9es avec le prestataire organisateur, se renseigner \u00e0 l\u2019accueil du ch\u00e2teau.<\/p>\n<\/div><div class=\"fusion-separator fusion-full-width-sep\" style=\"align-self: center;margin-left: auto;margin-right: auto;margin-top:15px;width:100%;\"><\/div><div class=\"fusion-video fusion-youtube\" style=\"--awb-max-width:600px;--awb-max-height:360px;--awb-align-self:center;--awb-width:100%;\"><div class=\"video-shortcode\"><div class=\"fluid-width-video-wrapper\" style=\"padding-top:60%;\" ><iframe title=\"YouTube video player 1\" src=\"https:\/\/www.youtube.com\/embed\/79DxyD7eyh8?wmode=transparent&autoplay=0\" width=\"600\" height=\"360\" allowfullscreen allow=\"autoplay; clipboard-write; encrypted-media; gyroscope; picture-in-picture;\"><\/iframe><\/div><\/div><\/div><div class=\"fusion-separator fusion-full-width-sep\" style=\"align-self: center;margin-left: auto;margin-right: auto;margin-top:15px;width:100%;\"><\/div><div class=\"fusion-text fusion-text-4\"><p><a href=\"https:\/\/www.billetweb.fr\/le-tresor-de-villesavin3\" target=\"_blank\" rel=\"noopener\"><img decoding=\"async\" class=\"alignnone\" style=\"width: 200px;\" src=\"https:\/\/www.billetweb.fr\/images\/buttons\/billetterie_bleu.png\" alt=\"\" width=\"400\" height=\"96\" \/><\/a><\/p>\n<\/div><\/div><\/div><\/div><\/div>\n","protected":false},"excerpt":{"rendered":"","protected":false},"author":1,"featured_media":0,"parent":0,"menu_order":0,"comment_status":"open","ping_status":"open","template":"","meta":{"footnotes":""},"class_list":["post-11550","page","type-page","status-publish","hentry"],"_links":{"self":[{"href":"https:\/\/www.chateau-de-villesavin.fr\/index.php?rest_route=\/wp\/v2\/pages\/11550","targetHints":{"allow":["GET"]}}],"collection":[{"href":"https:\/\/www.chateau-de-villesavin.fr\/index.php?rest_route=\/wp\/v2\/pages"}],"about":[{"href":"https:\/\/www.chateau-de-villesavin.fr\/index.php?rest_route=\/wp\/v2\/types\/page"}],"author":[{"embeddable":true,"href":"https:\/\/www.chateau-de-villesavin.fr\/index.php?rest_route=\/wp\/v2\/users\/1"}],"replies":[{"embeddable":true,"href":"https:\/\/www.chateau-de-villesavin.fr\/index.php?rest_route=%2Fwp%2Fv2%2Fcomments&post=11550"}],"version-history":[{"count":14,"href":"https:\/\/www.chateau-de-villesavin.fr\/index.php?rest_route=\/wp\/v2\/pages\/11550\/revisions"}],"predecessor-version":[{"id":12129,"href":"https:\/\/www.chateau-de-villesavin.fr\/index.php?rest_route=\/wp\/v2\/pages\/11550\/revisions\/12129"}],"wp:attachment":[{"href":"https:\/\/www.chateau-de-villesavin.fr\/index.php?rest_route=%2Fwp%2Fv2%2Fmedia&parent=11550"}],"curies":[{"name":"wp","href":"https:\/\/api.w.org\/{rel}","templated":true}]}}